{"id":10410,"date":"2023-04-06T10:31:40","date_gmt":"2023-04-06T08:31:40","guid":{"rendered":"https:\/\/stino.es\/sobre-nosaltres\/"},"modified":"2023-06-29T12:00:41","modified_gmt":"2023-06-29T10:00:41","slug":"sobre-nosaltres","status":"publish","type":"page","link":"https:\/\/stino.es\/ca\/sobre-nosaltres\/","title":{"rendered":"Sobre nosaltres"},"content":{"rendered":"\t\t<div data-elementor-type=\"wp-page\" data-elementor-id=\"10410\" class=\"elementor elementor-10410 elementor-70\" data-elementor-post-type=\"page\">\n\t\t\t\t\t\t<section class=\"elementor-section elementor-top-section elementor-element elementor-element-7e06fc6 elementor-section-height-min-height elementor-section-boxed elementor-section-height-default elementor-section-items-middle\" data-id=\"7e06fc6\" data-element_type=\"section\" data-settings=\"{&quot;background_background&quot;:&quot;classic&quot;}\">\n\t\t\t\t\t\t<div class=\"elementor-container elementor-column-gap-default\">\n\t\t\t\t\t<div class=\"elementor-column elementor-col-50 elementor-top-column elementor-element elementor-element-f8b80dc elementor-hidden-mobile\" data-id=\"f8b80dc\" data-element_type=\"column\">\n\t\t\t<div class=\"elementor-widget-wrap\">\n\t\t\t\t\t\t\t<\/div>\n\t\t<\/div>\n\t\t\t\t<div class=\"elementor-column elementor-col-50 elementor-top-column elementor-element elementor-element-9d46203\" data-id=\"9d46203\" data-element_type=\"column\" data-settings=\"{&quot;background_background&quot;:&quot;gradient&quot;}\">\n\t\t\t<div class=\"elementor-widget-wrap elementor-element-populated\">\n\t\t\t\t\t\t<div class=\"elementor-element elementor-element-13d546e elementor-widget elementor-widget-heading\" data-id=\"13d546e\" data-element_type=\"widget\" data-widget_type=\"heading.default\">\n\t\t\t\t<div class=\"elementor-widget-container\">\n\t\t\t<h1 class=\"elementor-heading-title elementor-size-default\">Sobre nosaltres<\/h1>\t\t<\/div>\n\t\t\t\t<\/div>\n\t\t\t\t\t<\/div>\n\t\t<\/div>\n\t\t\t\t\t<\/div>\n\t\t<\/section>\n\t\t\t\t<section class=\"elementor-section elementor-top-section elementor-element elementor-element-e908f26 elementor-section-boxed elementor-section-height-default elementor-section-height-default\" data-id=\"e908f26\" data-element_type=\"section\">\n\t\t\t\t\t\t<div class=\"elementor-container elementor-column-gap-default\">\n\t\t\t\t\t<div class=\"elementor-column elementor-col-50 elementor-top-column elementor-element elementor-element-2c1063e\" data-id=\"2c1063e\" data-element_type=\"column\">\n\t\t\t<div class=\"elementor-widget-wrap elementor-element-populated\">\n\t\t\t\t\t\t<div class=\"elementor-element elementor-element-e3c40ff elementor-widget elementor-widget-heading\" data-id=\"e3c40ff\" data-element_type=\"widget\" data-widget_type=\"heading.default\">\n\t\t\t\t<div class=\"elementor-widget-container\">\n\t\t\t<h2 class=\"elementor-heading-title elementor-size-default\">Stino Techos Elevables<\/h2>\t\t<\/div>\n\t\t\t\t<\/div>\n\t\t\t\t<div class=\"elementor-element elementor-element-30d8fb2 elementor-widget elementor-widget-text-editor\" data-id=\"30d8fb2\" data-element_type=\"widget\" data-widget_type=\"text-editor.default\">\n\t\t\t\t<div class=\"elementor-widget-container\">\n\t\t\t\t\t\t\t<p>Cada furgoneta camper es dissenya i construeix al meu taller a Cubelles, treballo amb gran plaer en tots els meus vehicles. Treballo sol per\u00f2 tinc diversos col\u00b7laboradors pel pa\u00eds. Tant si es tracta de models est\u00e0ndard com una personalitzaci\u00f3 total, cada autocaravana rep la mateixa atenci\u00f3. Els desitjos addicionals s\u00f3n benvinguts. Al capdavall, m&#8217;agrada que em desafi\u00efn a crear alguna cosa especial i no descansarem fins haver estat capa\u00e7os d&#8217;inspirar-lo amb els meus productes. Molts clients de tot Espanya ja m?han precedit.<\/p>\t\t\t\t\t\t<\/div>\n\t\t\t\t<\/div>\n\t\t\t\t<div class=\"elementor-element elementor-element-7831382 elementor-widget elementor-widget-button\" data-id=\"7831382\" data-element_type=\"widget\" data-widget_type=\"button.default\">\n\t\t\t\t<div class=\"elementor-widget-container\">\n\t\t\t\t\t\t\t<div class=\"elementor-button-wrapper\">\n\t\t\t\t\t<a class=\"elementor-button elementor-button-link elementor-size-sm\" href=\"https:\/\/stino.es\/contacte\/?lang=ca\">\n\t\t\t\t\t\t<span class=\"elementor-button-content-wrapper\">\n\t\t\t\t\t\t<span class=\"elementor-button-icon\">\n\t\t\t\t<i aria-hidden=\"true\" class=\"far fa-arrow-alt-circle-right\"><\/i>\t\t\t<\/span>\n\t\t\t\t\t\t\t\t\t<span class=\"elementor-button-text\">Contacta amb nosaltres<\/span>\n\t\t\t\t\t<\/span>\n\t\t\t\t\t<\/a>\n\t\t\t\t<\/div>\n\t\t\t\t\t\t<\/div>\n\t\t\t\t<\/div>\n\t\t\t\t\t<\/div>\n\t\t<\/div>\n\t\t\t\t<div class=\"elementor-column elementor-col-50 elementor-top-column elementor-element elementor-element-ecbb321\" data-id=\"ecbb321\" data-element_type=\"column\">\n\t\t\t<div class=\"elementor-widget-wrap elementor-element-populated\">\n\t\t\t\t\t\t<div class=\"elementor-element elementor-element-325bba6 elementor-widget elementor-widget-image\" data-id=\"325bba6\" data-element_type=\"widget\" data-widget_type=\"image.default\">\n\t\t\t\t<div class=\"elementor-widget-container\">\n\t\t\t\t\t\t\t\t\t\t\t\t\t<img fetchpriority=\"high\" decoding=\"async\" width=\"800\" height=\"600\" src=\"https:\/\/stino.es\/wp-content\/uploads\/2023\/04\/6c2638b1-3794-4b1d-853b-eadb08fb22fb-1-1024x768.jpg\" class=\"attachment-large size-large wp-image-11700\" alt=\"\" srcset=\"https:\/\/stino.es\/wp-content\/uploads\/2023\/04\/6c2638b1-3794-4b1d-853b-eadb08fb22fb-1-1024x768.jpg 1024w, https:\/\/stino.es\/wp-content\/uploads\/2023\/04\/6c2638b1-3794-4b1d-853b-eadb08fb22fb-1-300x225.jpg 300w, https:\/\/stino.es\/wp-content\/uploads\/2023\/04\/6c2638b1-3794-4b1d-853b-eadb08fb22fb-1-768x576.jpg 768w, https:\/\/stino.es\/wp-content\/uploads\/2023\/04\/6c2638b1-3794-4b1d-853b-eadb08fb22fb-1-1536x1152.jpg 1536w, https:\/\/stino.es\/wp-content\/uploads\/2023\/04\/6c2638b1-3794-4b1d-853b-eadb08fb22fb-1-600x450.jpg 600w, https:\/\/stino.es\/wp-content\/uploads\/2023\/04\/6c2638b1-3794-4b1d-853b-eadb08fb22fb-1.jpg 2048w\" sizes=\"(max-width: 800px) 100vw, 800px\" \/>\t\t\t\t\t\t\t\t\t\t\t\t\t<\/div>\n\t\t\t\t<\/div>\n\t\t\t\t\t<\/div>\n\t\t<\/div>\n\t\t\t\t\t<\/div>\n\t\t<\/section>\n\t\t\t\t<section class=\"elementor-section elementor-top-section elementor-element elementor-element-b021fba elementor-section-boxed elementor-section-height-default elementor-section-height-default\" data-id=\"b021fba\" data-element_type=\"section\" data-settings=\"{&quot;background_background&quot;:&quot;classic&quot;}\">\n\t\t\t\t\t\t\t<div class=\"elementor-background-overlay\"><\/div>\n\t\t\t\t\t\t\t<div class=\"elementor-container elementor-column-gap-default\">\n\t\t\t\t\t<div class=\"elementor-column elementor-col-100 elementor-top-column elementor-element elementor-element-488d4a1\" data-id=\"488d4a1\" data-element_type=\"column\">\n\t\t\t<div class=\"elementor-widget-wrap elementor-element-populated\">\n\t\t\t\t\t\t<div class=\"elementor-element elementor-element-5329e75 elementor-widget elementor-widget-heading\" data-id=\"5329e75\" data-element_type=\"widget\" data-widget_type=\"heading.default\">\n\t\t\t\t<div class=\"elementor-widget-container\">\n\t\t\t<h2 class=\"elementor-heading-title elementor-size-default\">Deixa'ns inspirar-te!<\/h2>\t\t<\/div>\n\t\t\t\t<\/div>\n\t\t\t\t<div class=\"elementor-element elementor-element-87a104b elementor-align-center elementor-widget elementor-widget-button\" data-id=\"87a104b\" data-element_type=\"widget\" data-widget_type=\"button.default\">\n\t\t\t\t<div class=\"elementor-widget-container\">\n\t\t\t\t\t\t\t<div class=\"elementor-button-wrapper\">\n\t\t\t\t\t<a class=\"elementor-button elementor-button-link elementor-size-sm\" href=\"https:\/\/stino.es\/ca\/portfolio\/\">\n\t\t\t\t\t\t<span class=\"elementor-button-content-wrapper\">\n\t\t\t\t\t\t<span class=\"elementor-button-icon\">\n\t\t\t\t<i aria-hidden=\"true\" class=\"far fa-arrow-alt-circle-right\"><\/i>\t\t\t<\/span>\n\t\t\t\t\t\t\t\t\t<span class=\"elementor-button-text\">Veure portfolio<\/span>\n\t\t\t\t\t<\/span>\n\t\t\t\t\t<\/a>\n\t\t\t\t<\/div>\n\t\t\t\t\t\t<\/div>\n\t\t\t\t<\/div>\n\t\t\t\t\t<\/div>\n\t\t<\/div>\n\t\t\t\t\t<\/div>\n\t\t<\/section>\n\t\t\t\t<section class=\"elementor-section elementor-top-section elementor-element elementor-element-796d4af elementor-section-full_width elementor-section-height-default elementor-section-height-default\" data-id=\"796d4af\" data-element_type=\"section\">\n\t\t\t\t\t\t<div class=\"elementor-container elementor-column-gap-no\">\n\t\t\t\t\t<div class=\"elementor-column elementor-col-100 elementor-top-column elementor-element elementor-element-c5f50a3\" data-id=\"c5f50a3\" data-element_type=\"column\">\n\t\t\t<div class=\"elementor-widget-wrap elementor-element-populated\">\n\t\t\t\t\t\t<div class=\"elementor-element elementor-element-d6fd2e3 elementor-widget elementor-widget-image-carousel\" data-id=\"d6fd2e3\" data-element_type=\"widget\" data-settings=\"{&quot;slides_to_show&quot;:&quot;6&quot;,&quot;navigation&quot;:&quot;none&quot;,&quot;lazyload&quot;:&quot;yes&quot;,&quot;autoplay&quot;:&quot;no&quot;,&quot;image_spacing_custom&quot;:{&quot;unit&quot;:&quot;px&quot;,&quot;size&quot;:0,&quot;sizes&quot;:[]},&quot;slides_to_show_tablet&quot;:&quot;3&quot;,&quot;slides_to_show_mobile&quot;:&quot;1&quot;,&quot;infinite&quot;:&quot;yes&quot;,&quot;speed&quot;:500,&quot;image_spacing_custom_tablet&quot;:{&quot;unit&quot;:&quot;px&quot;,&quot;size&quot;:&quot;&quot;,&quot;sizes&quot;:[]}}\" data-widget_type=\"image-carousel.default\">\n\t\t\t\t<div class=\"elementor-widget-container\">\n\t\t\t\t\t<div class=\"elementor-image-carousel-wrapper swiper\" dir=\"ltr\">\n\t\t\t<div class=\"elementor-image-carousel swiper-wrapper\" aria-live=\"polite\">\n\t\t\t\t\t\t\t\t<div class=\"swiper-slide\" role=\"group\" aria-roledescription=\"slide\" aria-label=\"1 de 6\"><figure class=\"swiper-slide-inner\"><img class=\"swiper-slide-image swiper-lazy\" data-src=\"https:\/\/stino.es\/wp-content\/uploads\/2023\/04\/Stijn-WV-oct_03-min-scaled-e1682061649386.jpg\" alt=\"Stijn WV oct_03-min\" \/><div class=\"swiper-lazy-preloader\"><\/div><\/figure><\/div><div class=\"swiper-slide\" role=\"group\" aria-roledescription=\"slide\" aria-label=\"2 de 6\"><figure class=\"swiper-slide-inner\"><img class=\"swiper-slide-image swiper-lazy\" data-src=\"https:\/\/stino.es\/wp-content\/uploads\/2023\/04\/Stijn-WV-oct_25_WEB.jpg\" alt=\"Stijn WV oct_25_WEB\" \/><div class=\"swiper-lazy-preloader\"><\/div><\/figure><\/div><div class=\"swiper-slide\" role=\"group\" aria-roledescription=\"slide\" aria-label=\"3 de 6\"><figure class=\"swiper-slide-inner\"><img class=\"swiper-slide-image swiper-lazy\" data-src=\"https:\/\/stino.es\/wp-content\/uploads\/2023\/04\/Stijn_19_WEB.jpg\" alt=\"Stijn_19_WEB\" \/><div class=\"swiper-lazy-preloader\"><\/div><\/figure><\/div><div class=\"swiper-slide\" role=\"group\" aria-roledescription=\"slide\" aria-label=\"4 de 6\"><figure class=\"swiper-slide-inner\"><img class=\"swiper-slide-image swiper-lazy\" data-src=\"https:\/\/stino.es\/wp-content\/uploads\/2023\/04\/Stijn_14-1-min-scaled.jpg\" alt=\"Stijn_14 (1)-min\" \/><div class=\"swiper-lazy-preloader\"><\/div><\/figure><\/div><div class=\"swiper-slide\" role=\"group\" aria-roledescription=\"slide\" aria-label=\"5 de 6\"><figure class=\"swiper-slide-inner\"><img class=\"swiper-slide-image swiper-lazy\" data-src=\"https:\/\/stino.es\/wp-content\/uploads\/2023\/04\/Stijn-WV-oct_20_WEB-1.jpg\" alt=\"Stijn WV oct_20_WEB (1)\" \/><div class=\"swiper-lazy-preloader\"><\/div><\/figure><\/div><div class=\"swiper-slide\" role=\"group\" aria-roledescription=\"slide\" aria-label=\"6 de 6\"><figure class=\"swiper-slide-inner\"><img class=\"swiper-slide-image swiper-lazy\" data-src=\"https:\/\/stino.es\/wp-content\/uploads\/2023\/04\/Stijn-WV-oct_25-1-scaled-e1682000578289.jpg\" alt=\"Stijn WV oct_25 (1)\" \/><div class=\"swiper-lazy-preloader\"><\/div><\/figure><\/div>\t\t\t<\/div>\n\t\t\t\t\t\t\t\n\t\t\t\t\t\t\t\t\t<\/div>\n\t\t\t\t<\/div>\n\t\t\t\t<\/div>\n\t\t\t\t\t<\/div>\n\t\t<\/div>\n\t\t\t\t\t<\/div>\n\t\t<\/section>\n\t\t\t\t<\/div>\n\t\t","protected":false},"excerpt":{"rendered":"<p>Sobre nosaltres Stino Techos Elevables Cada furgoneta camper es dissenya i construeix al meu taller a Cubelles, treballo amb gran plaer en tots els meus vehicles. Treballo sol per\u00f2 tinc diversos col\u00b7laboradors pel pa\u00eds. Tant si es tracta de models est\u00e0ndard com una personalitzaci\u00f3 total, cada autocaravana rep la mateixa atenci\u00f3. Els desitjos addicionals s\u00f3n [&hellip;]<\/p>\n","protected":false},"author":3,"featured_media":0,"parent":0,"menu_order":0,"comment_status":"closed","ping_status":"closed","template":"elementor_header_footer","meta":{"footnotes":""},"class_list":["post-10410","page","type-page","status-publish","hentry"],"_links":{"self":[{"href":"https:\/\/stino.es\/ca\/wp-json\/wp\/v2\/pages\/10410","targetHints":{"allow":["GET"]}}],"collection":[{"href":"https:\/\/stino.es\/ca\/wp-json\/wp\/v2\/pages"}],"about":[{"href":"https:\/\/stino.es\/ca\/wp-json\/wp\/v2\/types\/page"}],"author":[{"embeddable":true,"href":"https:\/\/stino.es\/ca\/wp-json\/wp\/v2\/users\/3"}],"replies":[{"embeddable":true,"href":"https:\/\/stino.es\/ca\/wp-json\/wp\/v2\/comments?post=10410"}],"version-history":[{"count":23,"href":"https:\/\/stino.es\/ca\/wp-json\/wp\/v2\/pages\/10410\/revisions"}],"predecessor-version":[{"id":20733,"href":"https:\/\/stino.es\/ca\/wp-json\/wp\/v2\/pages\/10410\/revisions\/20733"}],"wp:attachment":[{"href":"https:\/\/stino.es\/ca\/wp-json\/wp\/v2\/media?parent=10410"}],"curies":[{"name":"wp","href":"https:\/\/api.w.org\/{rel}","templated":true}]}}